{"id":3,"date":"2022-04-09T16:13:23","date_gmt":"2022-04-09T16:13:23","guid":{"rendered":"https:\/\/insignedc.com\/?page_id=3"},"modified":"2023-04-18T20:07:07","modified_gmt":"2023-04-18T20:07:07","slug":"politicas-privacidad","status":"publish","type":"page","link":"https:\/\/www.insignedc.com\/index.php\/politicas-privacidad\/","title":{"rendered":"Pol\u00edticas de privacidad"},"content":{"rendered":"<section class=\"l-section wpb_row height_small\"><div class=\"l-section-h i-cf\"><div class=\"g-cols vc_row via_grid cols_1 laptops-cols_inherit tablets-cols_inherit mobiles-cols_1 valign_top type_default stacking_default\"><div class=\"wpb_column vc_column_container\"><div class=\"vc_column-inner\"><h1 class=\"w-post-elm post_title align_center entry-title color_link_inherit\">Pol\u00edticas de privacidad<\/h1><\/div><\/div><\/div><\/div><\/section><section class=\"l-section wpb_row height_medium\"><div class=\"l-section-h i-cf\"><div class=\"g-cols vc_row via_grid cols_1 laptops-cols_inherit tablets-cols_inherit mobiles-cols_1 valign_top type_default stacking_default\"><div class=\"wpb_column vc_column_container\"><div class=\"vc_column-inner\"><div class=\"wpb_text_column\"><div class=\"wpb_wrapper\"><p>Para\u00a0<strong>Insigne DC SAC <\/strong>es sumamente importante la seguridad de la privacidad de todo usuario, por ello se establece la presente pol\u00edtica de protecci\u00f3n de la informaci\u00f3n personal. <strong>Insigne DC SAC<\/strong> aprecia la confianza de los visitantes del sitio web <strong>insignedc.com<\/strong> en el tratamiento de su informaci\u00f3n personal, el cual ser\u00e1 de manera cuidadosa y responsable; practicando los est\u00e1ndares m\u00e1s altos posibles de protecci\u00f3n de datos y privacidad, especial lo establecido por la Ley N.\u00ba 29733, Ley de protecci\u00f3n de datos personales peruana. El usuario al acceder a <strong>insignedc.com<\/strong>, se considera que acepta las pr\u00e1cticas descritas en estas Pol\u00edticas de Privacidad y Protecci\u00f3n de Datos y da un consentimiento expreso para el tratamiento de los datos personales que por el sean facilitados o que se faciliten a trav\u00e9s de su ingreso al sitio web o por cualquier medio. Asimismo, el usuario consiente expresamente que <strong>Insigne DC SAC<\/strong> pueda ceder dichos datos personales a\u00fan a terceros, debiendo el usuario abandonar el sitio web de manera inmediata en caso contrario. Los datos personales que se recaben, formar\u00e1n parte de una base de datos de <strong>Insigne DC SAC<\/strong> que permanecer\u00e1 vigente durante aquel periodo que el Usuario considere necesario para cumplir la finalidad espec\u00edfica para la que los datos fueron recabados, una vez concluido este, sus datos se cancelar\u00e1n y bloquear\u00e1n, para su posterior supresi\u00f3n de conformidad con la Ley de Protecci\u00f3n de Datos Personales, Ley N.\u00ba 29733 y su norma reglamentaria. Los datos personales con los que contar\u00e1 <strong>Insigne DC SAC<\/strong> se administrar\u00e1n y se tratar\u00e1n para las siguientes finalidades que son estrictamente necesarias para la usabilidad de nuestro sitio web. Usted manifiesta aceptar y dar consentimiento libre, previo, expreso, inequ\u00edvoco e informado para el tratamiento de sus datos personales a favor del <strong>Insigne DC SAC<\/strong>\u00a0para los siguientes fines:<\/p>\n<ul>\n<li>Identificaci\u00f3n de usuarios al momento de brindar informaci\u00f3n o contenidos;<\/li>\n<li>Fines estad\u00edsticos;<\/li>\n<li>Enviar boletines informativos;<\/li>\n<\/ul>\n<p>El Usuario podr\u00e1 revocar su consentimiento en cualquier momento envi\u00e1ndonos una notificaci\u00f3n. Los Usuarios y terceros garantizan y responden, en cualquier caso, por la veracidad, exactitud, vigencia, legalidad y autenticidad de todos los datos e informaci\u00f3n personal ingresada.<\/p>\n<h3>Conservaci\u00f3n de la informaci\u00f3n<\/h3>\n<p>El Usuario autoriza al <strong>Insigne DC SAC<\/strong>\u00a0a conservar sus datos una vez finalizada la relaci\u00f3n contractual, para el cumplimiento de las obligaciones legales pertinentes, y para que pueda recibir informaci\u00f3n publicitaria y ofertas comerciales, en respeto a lo establecido en el Registro \u201cGracias\u2026 no insista\u201d de INDECOPI.<\/p>\n<h3>Comunicaciones v\u00eda correo electr\u00f3nico<\/h3>\n<p>El usuario al brindar su correo electr\u00f3nico a <strong>Insigne DC SAC<\/strong>, le autoriza a brindarle informaci\u00f3n sobre: actualizaciones, mejoras, ofertas, beneficios, promociones, entre otros.<\/p>\n<h3>\u00bfEl Gestor comparte la informaci\u00f3n que recibe?<\/h3>\n<p>El Gestor podr\u00e1 compartir sus datos con terceros aliados, as\u00ed como con empresas colaboradoras as\u00ed como compa\u00f1\u00edas que pudieran adquirir publicidad. De igual modo, busca que dichos socios sigan pr\u00e1cticas similares a las mencionadas en las presente Pol\u00edticas de Privacidad y Protecci\u00f3n de Datos. Para el caso de uso comercial de la informaci\u00f3n obtenida de un usuario o un tercero, en menci\u00f3n enumerativa m\u00e1s no limitativa, \u00e9sta solo ser\u00e1 para el ofrecimiento de servicios, bienes, ofertas, promociones, sorteos, entre otros, que brinde <strong>Insigne DC SAC<\/strong>. <strong>Insigne DC SAC<\/strong> adoptar\u00e1 todas y cada una de las medidas de seguridad administrativas, f\u00edsicas y t\u00e9cnicas que establezca la ley aplicable para salvaguardar su informaci\u00f3n personal, por lo que de igual manera y en caso de que un tercero necesite conocer de dicha informaci\u00f3n, <strong>Insigne DC SAC<\/strong> obligar\u00e1 a dichos terceros a cumplir con el presente Aviso de Privacidad, as\u00ed como a adoptar las medidas de seguridad administrativas, f\u00edsicas y t\u00e9cnicas establecidas en la ley aplicable, a fin de proteger sus datos personales de cualquier da\u00f1o, perdida, alteraci\u00f3n, destrucci\u00f3n o el uso, acceso o tratamiento no autorizado.<\/p>\n<h3>\u00bfQui\u00e9n est\u00e1 colectando la informaci\u00f3n del usuario, o tercero?<\/h3>\n<p>Banners de Publicidad que conectan a esta p\u00e1gina web: El Gestor puede contratar a otras compa\u00f1\u00edas para poner banners de publicidad en otros portales web, desempe\u00f1ar rastreos y reportar actividades (Servidores de Publicidad de terceras personas). Los Servidores de Publicidad de terceras personas o empresas, est\u00e1n sujetos a sus propias pol\u00edticas de privacidad. Si un USUARIO, o un tercero desean m\u00e1s informaci\u00f3n sobre sus pol\u00edticas de privacidad, incluyendo informaci\u00f3n sobre como retirarse de sus m\u00e9todos de rastreo, por favor ponerse en contacto directamente con El Gestor. Agente de An\u00e1lisis de p\u00e1ginas web: El Gestor puede contratar a empresas que brinden servicios en l\u00ednea o fuera de ella, para que lo ayuden a manejar y optimizar sus procesos de mercadeo y negocio. El Gestor usa el servicio de compa\u00f1\u00edas de mercadeo para ayudar a medir la efectividad de su publicidad y promoci\u00f3n y de c\u00f3mo los visitantes y usuarios usan esta p\u00e1gina Web. Para hacer esto, El Gestor usa etiquetas de acciones y cookies proporcionados por las compa\u00f1\u00edas de mercadeo en el presente sitio web.<\/p>\n<h3>\u00bfQu\u00e9 tan segura est\u00e1 mi informaci\u00f3n?<\/h3>\n<p>Los usuarios pueden ayudarnos tambi\u00e9n tomando precauciones para proteger su informaci\u00f3n personal cuando est\u00e1 en el Internet, como por ejemplo cambiando su clave secreta continuamente, usando una combinaci\u00f3n de letras y n\u00fameros, y asegurando de que est\u00e9 usando un navegador de web seguro. Es importante que proteja su computador contra accesos no autorizados. Aseg\u00farese de desconectarse cuando termine de usar un computador ajeno. <strong>Insigne DC SAC<\/strong> ha adoptado los niveles de seguridad de protecci\u00f3n de los Datos Personales legalmente requeridos. No obstante, el Usuario debe ser consciente de que dichas medidas en Internet no son inexpugnables.<\/p>\n<h3>Pol\u00edtica anti-spam<\/h3>\n<p>El usuario puede configurar su navegador para que no acepte \u201ccookies\u201d a fin de prevenir asignaciones de los servidores de publicidad de un identificador \u00fanico; sin embargo, puede experimentar dificultades usando ciertas caracter\u00edsticas en esta p\u00e1gina web si no acepta los cookies. Prohibici\u00f3n de recolecci\u00f3n: Los usuarios y cualquier tercero est\u00e1 prohibido de realizar todo tipo de recolecci\u00f3n de datos personales publicados en este sitio web de los usuarios registrados, ya sea por otros usuarios, usuarios registrados, proveedores y otros, sin la debida autorizaci\u00f3n del titular de los datos.<\/p>\n<h3>\u00bfC\u00f3mo corregir o eliminar informaci\u00f3n proporcionada?<\/h3>\n<p>La informaci\u00f3n personal identificable que <strong>insignedc.com<\/strong>\u00a0colecta podr\u00e1 ser actualizada por medios que se indique en el futuro. El usuario puede darse de baja o cancelar la suscripci\u00f3n de los boletines, correos electr\u00f3nicos o publicidad.<\/p>\n<h3>Recomendaciones para menores de edad<\/h3>\n<p>Todo usuario o tercero que sea menor de edad (menor de 18 a\u00f1os), debe evitar dar sus datos personales o de contacto (n\u00famero telef\u00f3nico fijo o m\u00f3vil, direcci\u00f3n domiciliaria, cuentas de correos electr\u00f3nicos o de usuario en alguna red social) a extra\u00f1os, o que no conozca de manera fiable. Si un padre o tutor o apoderado legal descubre que el menor de edad a su cargo ha brindado a <strong>insignedc.com<\/strong> informaci\u00f3n personalmente identificable y quisiera que <strong>Insigne DC SAC<\/strong>\u00a0deje de recibir dicha informaci\u00f3n, o borre la informaci\u00f3n personal del ni\u00f1o del registro de datos, deber\u00e1 contactarse con <strong>insignedc.com<\/strong><\/p>\n<h3>Prohibici\u00f3n de contenidos<\/h3>\n<p>Los usuarios y terceros est\u00e1 prohibido de mostrar informaci\u00f3n que vulnere o devele la intimidad o privacidad de otros usuarios, usuarios registrados y de terceros. La responsabilidad que se deriven de dichos actos ser\u00e1 de manera exclusiva del emisor. De igual modo se rechaza toda forma de xenofobia, racismo o discriminaci\u00f3n.<\/p>\n<h4>Nuestro compromiso a nivel de compa\u00f1\u00eda con su privacidad<\/h4>\n<p>Como se mencion\u00f3, <strong>Insigne DC SAC<\/strong>\u00a0toma muy en serio la privacidad de los usuarios. <strong>Insigne DC SAC<\/strong>\u00a0para cerciorarse que la informaci\u00f3n personal est\u00e9 segura, comunica y entrena a sus empleados en estas pautas y hace cumplir estrictamente los est\u00e1ndares de privacidad dentro de la compa\u00f1\u00eda.<\/p>\n<h3>Cambios en las pol\u00edticas de privacidad<\/h3>\n<p><strong>Insigne DC SAC<\/strong> realiza cambios a cualquiera de los t\u00e9rminos o condiciones de la presente Pol\u00edtica de Privacidad y Protecci\u00f3n de Datos, los cambios ser\u00e1n fijados en este documento de modo que todo usuario o tercero sepa siempre qu\u00e9 informaci\u00f3n se recopila de \u00e9l, c\u00f3mo puede ser que <strong>Insigne DC SAC<\/strong> utilice esa informaci\u00f3n y a qui\u00e9n lo divulgar\u00e1. Dentro del marco de respeto de las normas de protecci\u00f3n de datos personales en el Per\u00fa, <strong>Insigne DC SAC <\/strong>puede cambiar, modificar, agregar o quitar porciones de esta pol\u00edtica en cualquier momento, y cualquier cambio llegar\u00e1 a ser eficaz inmediatamente se haga a menos que <strong>Insigne DC SAC<\/strong> lo diga de otra manera. El uso continuado de la p\u00e1gina web luego de la publicaci\u00f3n de los cambios se aceptar\u00e1 como confirmaci\u00f3n de la aceptaci\u00f3n de estos.<\/p>\n<h3>Consultas sobre la privacidad<\/h3>\n<p>Si usted tiene dudas o preguntas sobre las pol\u00edticas de privacidad o de procesos de datos de El Gestor, por favor utilizar la direcci\u00f3n de correo electr\u00f3nico a: <a href=\"mailto:info@insignedc.com\">info@insignedc.com<\/a>\u00a0para contactarlos.<\/p>\n<\/div><\/div><\/div><\/div><\/div><\/div><\/section>\n","protected":false},"excerpt":{"rendered":"Pol\u00edticas de privacidadPara\u00a0Insigne DC SAC es sumamente importante la seguridad de la privacidad de todo usuario, por ello se establece la presente pol\u00edtica de protecci\u00f3n de la informaci\u00f3n personal. Insigne DC SAC aprecia la confianza de los visitantes del sitio web insignedc.com en el tratamiento de su informaci\u00f3n personal, el cual ser\u00e1 de manera cuidadosa...","protected":false},"author":1,"featured_media":0,"parent":0,"menu_order":0,"comment_status":"closed","ping_status":"open","template":"","meta":{"_joinchat":[],"footnotes":""},"class_list":["post-3","page","type-page","status-publish","hentry"],"_links":{"self":[{"href":"https:\/\/www.insignedc.com\/index.php\/wp-json\/wp\/v2\/pages\/3","targetHints":{"allow":["GET"]}}],"collection":[{"href":"https:\/\/www.insignedc.com\/index.php\/wp-json\/wp\/v2\/pages"}],"about":[{"href":"https:\/\/www.insignedc.com\/index.php\/wp-json\/wp\/v2\/types\/page"}],"author":[{"embeddable":true,"href":"https:\/\/www.insignedc.com\/index.php\/wp-json\/wp\/v2\/users\/1"}],"replies":[{"embeddable":true,"href":"https:\/\/www.insignedc.com\/index.php\/wp-json\/wp\/v2\/comments?post=3"}],"version-history":[{"count":4,"href":"https:\/\/www.insignedc.com\/index.php\/wp-json\/wp\/v2\/pages\/3\/revisions"}],"predecessor-version":[{"id":849,"href":"https:\/\/www.insignedc.com\/index.php\/wp-json\/wp\/v2\/pages\/3\/revisions\/849"}],"wp:attachment":[{"href":"https:\/\/www.insignedc.com\/index.php\/wp-json\/wp\/v2\/media?parent=3"}],"curies":[{"name":"wp","href":"https:\/\/api.w.org\/{rel}","templated":true}]}}