{"id":50,"date":"2023-02-14T19:54:41","date_gmt":"2023-02-14T19:54:41","guid":{"rendered":"https:\/\/insignedc.com\/?page_id=50"},"modified":"2023-04-18T20:09:40","modified_gmt":"2023-04-18T20:09:40","slug":"contactanos","status":"publish","type":"page","link":"https:\/\/www.insignedc.com\/index.php\/contactanos\/","title":{"rendered":"Cont\u00e1ctanos"},"content":{"rendered":"<section class=\"l-section wpb_row height_huge color_primary with_img\"><div class=\"l-section-img\" data-img-width=\"1420\" data-img-height=\"600\" style=\"background-image: url(https:\/\/www.insignedc.com\/wp-content\/uploads\/2023\/02\/Bg-contactanos.jpg);background-repeat: no-repeat;\"><\/div><div class=\"l-section-overlay\" style=\"background:rgba(0,0,0,0.60)\"><\/div><div class=\"l-section-h i-cf\"><div class=\"g-cols vc_row via_grid cols_1 laptops-cols_inherit tablets-cols_inherit mobiles-cols_1 valign_top type_default stacking_default\"><div class=\"wpb_column vc_column_container\"><div class=\"vc_column-inner\"><div class=\"w-separator size_small\"><\/div><h1 class=\"w-text us_custom_eb849559\"><span class=\"w-text-h\"><span class=\"w-text-value\">Cont\u00e1ctanos<\/span><\/span><\/h1><div class=\"wpb_text_column us_custom_9449b6e5 has_text_color\"><div class=\"wpb_wrapper\"><p>\u00a1Obt\u00e9n m\u00e1s informaci\u00f3n!<\/p>\n<\/div><\/div><div class=\"w-separator size_small\"><\/div><\/div><\/div><\/div><\/div><\/section><section class=\"l-section wpb_row height_medium color_alternate\"><div class=\"l-section-h i-cf\"><div class=\"g-cols vc_row via_grid cols_1 laptops-cols_inherit tablets-cols_inherit mobiles-cols_1 valign_top type_default stacking_default\"><div class=\"wpb_column vc_column_container\"><div class=\"vc_column-inner\"><div class=\"wpb_text_column us_custom_3a14f0f0\"><div class=\"wpb_wrapper\"><p>\u00bfTiene alguna duda o consulta sobre nuestros producto o servicios?<br \/>\nNo dude en comunicarse con nosotros a trav\u00e9s de los diferentes medios de contacto.<\/p>\n<\/div><\/div><div class=\"w-iconbox hide_on_default hide_on_laptops hide_on_tablets hide_on_mobiles iconpos_top style_default color_secondary align_center\"><a target=\"_blank\" rel=\"nofollow noopener\" href=\"https:\/\/wa.me\/51964309472?text=Hola, requiero m\u00e1s informaci\u00f3n.\" class=\"w-iconbox-link\" aria-label=\"WhatsApp\"><div class=\"w-iconbox-icon\" style=\"font-size:2rem;\"><i class=\"fab fa-whatsapp\"><\/i><\/div><\/a><div class=\"w-iconbox-meta\"><a target=\"_blank\" rel=\"nofollow noopener\" href=\"https:\/\/wa.me\/51964309472?text=Hola, requiero m\u00e1s informaci\u00f3n.\" class=\"w-iconbox-link\" aria-label=\"WhatsApp\"><h6 class=\"w-iconbox-title\">WhatsApp<\/h6><\/a><div class=\"w-iconbox-text\"><p>964 309 472<\/p>\n<\/div><\/div><\/div><div class=\"w-separator size_medium\"><\/div><div class=\"g-cols wpb_row via_grid cols_3 laptops-cols_inherit tablets-cols_inherit mobiles-cols_1 valign_top type_default stacking_default\"><div class=\"wpb_column vc_column_container\"><div class=\"vc_column-inner\"><div class=\"w-iconbox iconpos_top style_default color_secondary align_center\"><a target=\"_blank\" rel=\"nofollow noopener\" href=\"tel:+51977380497\" class=\"w-iconbox-link\" aria-label=\"Celulares\"><div class=\"w-iconbox-icon\" style=\"font-size:2rem;\"><i class=\"far fa-mobile\"><\/i><\/div><\/a><div class=\"w-iconbox-meta\"><a target=\"_blank\" rel=\"nofollow noopener\" href=\"tel:+51977380497\" class=\"w-iconbox-link\" aria-label=\"Celulares\"><h6 class=\"w-iconbox-title\">Celulares<\/h6><\/a><div class=\"w-iconbox-text\"><p>977 380 497 \/ 964 309 472 \/<br \/>\n987 109 413<\/p>\n<\/div><\/div><\/div><\/div><\/div><div class=\"wpb_column vc_column_container\"><div class=\"vc_column-inner\"><div class=\"w-iconbox iconpos_top style_default color_secondary align_center\"><a target=\"_blank\" rel=\"nofollow noopener\" href=\"mailto:info@insignedc.com\" class=\"w-iconbox-link\" aria-label=\"Email\"><div class=\"w-iconbox-icon\" style=\"font-size:2rem;\"><i class=\"far fa-envelope\"><\/i><\/div><\/a><div class=\"w-iconbox-meta\"><a target=\"_blank\" rel=\"nofollow noopener\" href=\"mailto:info@insignedc.com\" class=\"w-iconbox-link\" aria-label=\"Email\"><h6 class=\"w-iconbox-title\">Email<\/h6><\/a><div class=\"w-iconbox-text\"><p>info@insignedc.com<\/p>\n<\/div><\/div><\/div><\/div><\/div><div class=\"wpb_column vc_column_container\"><div class=\"vc_column-inner\"><div class=\"w-iconbox iconpos_top style_default color_secondary align_center\"><a target=\"_blank\" rel=\"nofollow noopener\" href=\"https:\/\/goo.gl\/maps\/N2cDWiw3VcmyeLKw8\" class=\"w-iconbox-link\" aria-label=\"Direcci\u00f3n\"><div class=\"w-iconbox-icon\" style=\"font-size:2rem;\"><i class=\"far fa-map-marker-alt\"><\/i><\/div><\/a><div class=\"w-iconbox-meta\"><a target=\"_blank\" rel=\"nofollow noopener\" href=\"https:\/\/goo.gl\/maps\/N2cDWiw3VcmyeLKw8\" class=\"w-iconbox-link\" aria-label=\"Direcci\u00f3n\"><h6 class=\"w-iconbox-title\">Direcci\u00f3n<\/h6><\/a><div class=\"w-iconbox-text\"><p>Av. Benavides 2880, Miraflores, Lima, Per\u00fa<\/p>\n<\/div><\/div><\/div><\/div><\/div><\/div><\/div><\/div><\/div><\/div><\/section><section class=\"l-section wpb_row height_medium\" id=\"form\"><div class=\"l-section-h i-cf\"><div class=\"g-cols vc_row via_grid cols_1-4-1 laptops-cols_inherit tablets-cols_inherit mobiles-cols_1 valign_top type_default stacking_default\"><div class=\"wpb_column vc_column_container\"><div class=\"vc_column-inner\"><\/div><\/div><div class=\"wpb_column vc_column_container\"><div class=\"vc_column-inner\">[vc_custom_heading text=\u00bbEstamos atentos a su consulta\u00bb font_container=\u00bbtag:h2|text_align:center\u00bb use_theme_fonts=\u00bbyes\u00bb]<div class=\"wpb_text_column us_custom_eb849559\"><div class=\"wpb_wrapper\"><p>P\u00f3ngase en contacto con nosotros a trav\u00e9s de nuestro formulario de contacto.<\/p>\n<\/div><\/div><div class=\"w-separator size_medium\"><\/div><form class=\"w-form  us_custom_e9e7f82c layout_ver for_cform us_form_1\" autocomplete=\"off\" action=\"https:\/\/www.insignedc.com\/index.php\/wp-json\/wp\/v2\/pages\/50\" method=\"post\"><div class=\"w-form-h\"><div class=\"w-form-row for_text required with_icon\">\r\n\t\t<div class=\"w-form-row-field\">\r\n\t\t\t\t<i class=\"fal fa-user\"><\/i>\t\t<input aria-label=\"Nombres y Apellido\" type=\"text\" name=\"us_form_1_text_1\" value placeholder=\"Nombres y Apellido *\" data-required=\"true\" aria-required=\"true\"\/>\r\n\t\t\t<\/div>\r\n\t\t<div class=\"w-form-row-state\">Rellena este campo<\/div>\r\n<\/div>\r\n<div class=\"w-form-row for_email required with_icon\">\r\n\t\t<div class=\"w-form-row-field\">\r\n\t\t\t\t<i class=\"fal fa-envelope\"><\/i>\t\t<input aria-label=\"E-mail\" type=\"email\" name=\"us_form_1_email_1\" value placeholder=\"E-mail *\" data-required=\"true\" aria-required=\"true\"\/>\r\n\t\t\t<\/div>\r\n\t\t<div class=\"w-form-row-state\">Por favor, introduce una direcci\u00f3n de correo electr\u00f3nico v\u00e1lida.<\/div>\r\n<\/div>\r\n<div class=\"w-form-row for_text with_icon\">\r\n\t\t<div class=\"w-form-row-field\">\r\n\t\t\t\t<i class=\"fal fa-phone-alt\"><\/i>\t\t<input aria-label=\"Tel\u00e9fono\" type=\"text\" name=\"us_form_1_text_2\" value placeholder=\"Tel\u00e9fono\"\/>\r\n\t\t\t<\/div>\r\n\t\t<div class=\"w-form-row-state\">Rellena este campo<\/div>\r\n<\/div>\r\n<div class=\"w-form-row for_textarea required with_icon\">\r\n\t\t<div class=\"w-form-row-field\">\r\n\t\t\t\t<i class=\"fal fa-comments\"><\/i>\t\t<textarea aria-label=\"Consulta \" name=\"us_form_1_textarea_1\" placeholder=\"Consulta  *\" data-required=\"true\" aria-required=\"true\"><\/textarea>\r\n\t\t\t<\/div>\r\n\t\t<div class=\"w-form-row-state\">Rellena este campo<\/div>\r\n<\/div>\r\n<div class=\"w-form-row for_checkboxes required\">\r\n\t\t<div class=\"w-form-row-field\">\r\n\t\t\t\t\t<label>\r\n\t\t\t\t<input type=\"checkbox\" class=\"screen-reader-text\" name=\"us_form_1_checkboxes_1[]\" data-required=\"true\" value=\"He le\u00eddo y acepto las &lt;a href=&quot;https:\/\/insignedc.com\/index.php\/politicas-privacidad\/&quot; target=&quot;_blank&quot;&gt;pol\u00edticas de privacidad&lt;\/a&gt;\"\/>\r\n\t\t\t\t<span class=\"w-form-checkbox\"><\/span>\r\n\t\t\t\t<span>He le\u00eddo y acepto las <a href=\"https:\/\/insignedc.com\/index.php\/politicas-privacidad\/\" target=\"_blank\">pol\u00edticas de privacidad<\/a><\/span>\r\n\t\t\t<\/label>\r\n\t\t\t\t<\/div>\r\n\t\t<div class=\"w-form-row-state\">Selecciona una opci\u00f3n<\/div>\r\n<\/div>\r\n<input type=\"hidden\" name=\"action\" value=\"us_ajax_cform\" \/>\r\n<input type=\"hidden\" name=\"post_id\" value=\"0\" \/>\r\n<input type=\"hidden\" name=\"form_index\" value=\"1\" \/>\r\n<div class=\"w-form-row for_submit  align_center\">\r\n\t<button class=\"w-btn  us-btn-style_7\" aria-label=\"Enviar\" type=\"submit\">\r\n\t\t<span class=\"g-preloader type_1\"><\/span>\r\n\t\t\t\t<span class=\"w-btn-label\">Enviar<\/span>\r\n\t\t\t<\/button>\r\n\t<\/div>\r\n<\/div><div class=\"w-form-message\"><\/div><div class=\"w-form-json hidden\" onclick='return {&quot;ajaxurl&quot;:&quot;https:\\\/\\\/www.insignedc.com\\\/wp-admin\\\/admin-ajax.php&quot;,&quot;messages&quot;:{&quot;err_empty&quot;:&quot;Rellena este campo&quot;,&quot;err_size&quot;:&quot;El tama\\u00f1o del archivo no puede exceder %s MB&quot;,&quot;err_extension&quot;:&quot;El tipo de archivo %s no est\\u00e1 permitido&quot;}}'><\/div><\/form><\/div><\/div><div class=\"wpb_column vc_column_container\"><div class=\"vc_column-inner\"><\/div><\/div><\/div><\/div><\/section>\n","protected":false},"excerpt":{"rendered":"Cont\u00e1ctanos\u00a1Obt\u00e9n m\u00e1s informaci\u00f3n! \u00bfTiene alguna duda o consulta sobre nuestros producto o servicios? No dude en comunicarse con nosotros a trav\u00e9s de los diferentes medios de contacto. WhatsApp964 309 472 Celulares977 380 497 \/ 964 309 472 \/ 987 109 413 Emailinfo@insignedc.com Direcci\u00f3nAv. Benavides 2880, Miraflores, Lima, Per\u00fa [vc_custom_heading text=\"Estamos atentos a su consulta\" font_container=\"tag:h2|text_align:center\"...","protected":false},"author":1,"featured_media":0,"parent":0,"menu_order":0,"comment_status":"closed","ping_status":"closed","template":"","meta":{"_joinchat":[],"footnotes":""},"class_list":["post-50","page","type-page","status-publish","hentry"],"_links":{"self":[{"href":"https:\/\/www.insignedc.com\/index.php\/wp-json\/wp\/v2\/pages\/50","targetHints":{"allow":["GET"]}}],"collection":[{"href":"https:\/\/www.insignedc.com\/index.php\/wp-json\/wp\/v2\/pages"}],"about":[{"href":"https:\/\/www.insignedc.com\/index.php\/wp-json\/wp\/v2\/types\/page"}],"author":[{"embeddable":true,"href":"https:\/\/www.insignedc.com\/index.php\/wp-json\/wp\/v2\/users\/1"}],"replies":[{"embeddable":true,"href":"https:\/\/www.insignedc.com\/index.php\/wp-json\/wp\/v2\/comments?post=50"}],"version-history":[{"count":20,"href":"https:\/\/www.insignedc.com\/index.php\/wp-json\/wp\/v2\/pages\/50\/revisions"}],"predecessor-version":[{"id":76,"href":"https:\/\/www.insignedc.com\/index.php\/wp-json\/wp\/v2\/pages\/50\/revisions\/76"}],"wp:attachment":[{"href":"https:\/\/www.insignedc.com\/index.php\/wp-json\/wp\/v2\/media?parent=50"}],"curies":[{"name":"wp","href":"https:\/\/api.w.org\/{rel}","templated":true}]}}