{"id":52,"date":"2023-02-14T19:54:51","date_gmt":"2023-02-14T19:54:51","guid":{"rendered":"https:\/\/insignedc.com\/?page_id=52"},"modified":"2024-04-18T22:37:45","modified_gmt":"2024-04-18T22:37:45","slug":"nosotros","status":"publish","type":"page","link":"https:\/\/www.insignedc.com\/index.php\/nosotros\/","title":{"rendered":"Nosotros"},"content":{"rendered":"<section class=\"l-section wpb_row height_medium\"><div class=\"l-section-h i-cf\"><div class=\"g-cols vc_row via_grid cols_2 laptops-cols_inherit tablets-cols_inherit mobiles-cols_1 valign_top type_default stacking_default\"><div class=\"wpb_column vc_column_container\"><div class=\"vc_column-inner\"><h2 class=\"w-text us_custom_a574d586 has_text_color icon_atright\"><span class=\"w-text-h\"><span class=\"w-text-value\">Promovemos la sostenibilidad<\/span><i class=\"fas fa-horizontal-rule\"><\/i><\/span><\/h2><\/div><\/div><div class=\"wpb_column vc_column_container\"><div class=\"vc_column-inner\"><\/div><\/div><\/div><\/div><\/section><section class=\"l-section wpb_row height_huge color_primary with_img\"><div class=\"l-section-img\" data-img-width=\"1420\" data-img-height=\"400\" style=\"background-image: url(https:\/\/www.insignedc.com\/wp-content\/uploads\/2023\/02\/bg-nosotros.jpg);\"><\/div><div class=\"l-section-overlay\" style=\"background:rgba(0,0,0,0.60)\"><\/div><div class=\"l-section-h i-cf\"><div class=\"g-cols vc_row via_grid cols_2 laptops-cols_inherit tablets-cols_inherit mobiles-cols_1 valign_middle type_default stacking_default\"><div class=\"wpb_column vc_column_container\"><div class=\"vc_column-inner\"><h1 class=\"w-text\"><span class=\"w-text-h\"><span class=\"w-text-value\">Sobre nosotros<\/span><\/span><\/h1><\/div><\/div><\/div><\/div><\/section><section class=\"l-section wpb_row height_medium\"><div class=\"l-section-h i-cf\"><div class=\"g-cols vc_row via_grid cols_2 laptops-cols_2 tablets-cols_1 mobiles-cols_1 valign_middle type_default stacking_default\"><div class=\"wpb_column vc_column_container\"><div class=\"vc_column-inner\"><h2 class=\"w-text us_custom_a574d586 has_text_color icon_atright\"><span class=\"w-text-h\"><span class=\"w-text-value\">Insigne<\/span><i class=\"fas fa-horizontal-rule\"><\/i><\/span><\/h2><div class=\"wpb_text_column us_custom_432d3f53\"><div class=\"wpb_wrapper\"><p>Somos un equipo de profesionales con m\u00e1s de una d\u00e9cada de experiencia en dise\u00f1o, construcci\u00f3n y consultor\u00edas sostenibles en Latinoam\u00e9rica y el mundo.<\/p>\n<p>Nos enfocamos en mejorar la calidad de vida de las personas, maximizando el valor de cada proyecto y potenciando el crecimiento de los negocios, ayudando a nuestros clientes en sus proyectos para mejorar el desempe\u00f1o a trav\u00e9s del desarrollo de estrategias que integren aspectos econ\u00f3micos, sociales y ambientales; asegurando modelos de gesti\u00f3n que garanticen la sostenibilidad de las empresas al largo plazo.<\/p>\n<p>Adem\u00e1s, ofrecemos toda la informaci\u00f3n de actualidad e innovaciones dentro del sector de la construcci\u00f3n sostenible.<\/p>\n<\/div><\/div><\/div><\/div><div class=\"wpb_column vc_column_container\"><div class=\"vc_column-inner\"><div class=\"w-image us_custom_9b424311 align_none\"><div class=\"w-image-h\"><img loading=\"lazy\" decoding=\"async\" width=\"800\" height=\"800\" src=\"https:\/\/www.insignedc.com\/wp-content\/uploads\/2024\/04\/Nosotros-Insigne2.jpg\" class=\"attachment-large size-large\" alt=\"\" srcset=\"https:\/\/www.insignedc.com\/wp-content\/uploads\/2024\/04\/Nosotros-Insigne2.jpg 800w, https:\/\/www.insignedc.com\/wp-content\/uploads\/2024\/04\/Nosotros-Insigne2-300x300.jpg 300w, https:\/\/www.insignedc.com\/wp-content\/uploads\/2024\/04\/Nosotros-Insigne2-150x150.jpg 150w, https:\/\/www.insignedc.com\/wp-content\/uploads\/2024\/04\/Nosotros-Insigne2-200x200.jpg 200w, https:\/\/www.insignedc.com\/wp-content\/uploads\/2024\/04\/Nosotros-Insigne2-400x400.jpg 400w\" sizes=\"auto, (max-width: 800px) 100vw, 800px\" \/><\/div><\/div><\/div><\/div><\/div><\/div><\/section><section class=\"l-section wpb_row height_medium\"><div class=\"l-section-overlay\" style=\"background:var(--color-alt-content-bg)\"><\/div><div class=\"l-section-h i-cf\"><div class=\"g-cols vc_row via_grid cols_2 laptops-cols_inherit tablets-cols_inherit mobiles-cols_1 valign_middle type_default stacking_default\"><div class=\"wpb_column vc_column_container\"><div class=\"vc_column-inner\"><div class=\"w-image us_custom_eaca26c6 us_animate_this style_shadow-1 align_center\"><div class=\"w-image-h\"><img loading=\"lazy\" decoding=\"async\" width=\"600\" height=\"400\" src=\"https:\/\/www.insignedc.com\/wp-content\/uploads\/2023\/02\/Mision-600x400.jpg\" class=\"attachment-us_600_400 size-us_600_400\" alt=\"\" srcset=\"https:\/\/www.insignedc.com\/wp-content\/uploads\/2023\/02\/Mision-600x400.jpg 600w, https:\/\/www.insignedc.com\/wp-content\/uploads\/2023\/02\/Mision-300x200.jpg 300w, https:\/\/www.insignedc.com\/wp-content\/uploads\/2023\/02\/Mision-100x67.jpg 100w, https:\/\/www.insignedc.com\/wp-content\/uploads\/2023\/02\/Mision.jpg 900w, https:\/\/www.insignedc.com\/wp-content\/uploads\/2023\/02\/Mision-200x133.jpg 200w\" sizes=\"auto, (max-width: 600px) 100vw, 600px\" \/><\/div><\/div><\/div><\/div><div class=\"wpb_column vc_column_container\"><div class=\"vc_column-inner\"><h2 class=\"w-text us_custom_133a5576 has_text_color icon_atright\"><span class=\"w-text-h\"><span class=\"w-text-value\">Misi\u00f3n<\/span><i class=\"fas fa-horizontal-rule\"><\/i><\/span><\/h2><div class=\"wpb_text_column us_custom_432d3f53\"><div class=\"wpb_wrapper\"><p>Desde INSIGNE queremos idear entornos sostenibles en el medio construido para mejorar la vida de las personas, nuestro objetivo es cambiar el antes y optimizar el despu\u00e9s en la comunidad. Para lograrlo utilizamos el dise\u00f1o como herramienta donde definimos los objetivos estrat\u00e9gicos, guiamos la construcci\u00f3n y durante la ocupaci\u00f3n validamos los valores obtenidos, es decir, llevamos el acompa\u00f1amiento integral a su m\u00e1xima potencia.<\/p>\n<\/div><\/div><div class=\"w-separator size_small\"><\/div><h2 class=\"w-text us_custom_133a5576 has_text_color icon_atright\"><span class=\"w-text-h\"><span class=\"w-text-value\">Visi\u00f3n<\/span><i class=\"fas fa-horizontal-rule\"><\/i><\/span><\/h2><div class=\"wpb_text_column us_custom_432d3f53\"><div class=\"wpb_wrapper\"><p>Estamos comprometidos con las pr\u00e1cticas m\u00e1s eficaces e innovadoras, capaz de ofrecer soluciones competitivas y rentables, acordes a las necesidades y expectativas de los clientes. Contribuimos con la meta de la agenda 2030 de los Objetivos de Desarrollo Sostenible. Promovemos la sostenibilidad en todas las etapas de un proyecto de construcci\u00f3n y sus l\u00edneas de negocio.<\/p>\n<\/div><\/div><\/div><\/div><\/div><\/div><\/section><section class=\"l-section wpb_row height_medium\"><div class=\"l-section-h i-cf\"><div class=\"g-cols vc_row via_grid cols_1 laptops-cols_inherit tablets-cols_inherit mobiles-cols_1 valign_top type_default stacking_default\"><div class=\"wpb_column vc_column_container\"><div class=\"vc_column-inner\"><div class=\"g-cols wpb_row via_grid cols_2 laptops-cols_inherit tablets-cols_inherit mobiles-cols_1 valign_middle type_default stacking_default\"><div class=\"wpb_column vc_column_container\"><div class=\"vc_column-inner\"><h2 class=\"w-text us_custom_17cf854b has_text_color icon_atright\"><span class=\"w-text-h\"><span class=\"w-text-value\">Somos miembros<\/span><i class=\"fas fa-horizontal-rule\"><\/i><\/span><\/h2><div class=\"w-separator size_small\"><\/div><div class=\"wpb_text_column\"><div class=\"wpb_wrapper\"><p>Del US Green Building Council y Peru Green Building Council.<br \/>\nInsigne es una empresa dedicada al dise\u00f1o, construcci\u00f3n y consultor\u00eda en sostenibilidad; conformado por un equipo de profesionales con experiencia en m\u00e1s de 140 proyectos en Sudam\u00e9rica.<\/p>\n<\/div><\/div><\/div><\/div><div class=\"wpb_column vc_column_container\"><div class=\"vc_column-inner\"><div class=\"w-grid type_grid layout_gallery_default cols_2\" id=\"us_grid_1\" data-filterable=\"true\"><style>#us_grid_1 .w-grid-item{padding:1rem}#us_grid_1 .w-grid-list{margin:-1rem}.w-grid + #us_grid_1 .w-grid-list,.w-grid-none + #us_grid_1 .w-grid-list{margin-top:1rem}@media (max-width:599px){#us_grid_1 .w-grid-list{margin:0}#us_grid_1 .w-grid-item{width:100%;padding:0;margin-bottom:1rem}}.layout_gallery_default .w-grid-item-h{}<\/style><div class=\"w-grid-list\">\t<article class=\"w-grid-item post-772 attachment type-attachment status-inherit hentry\" data-id=\"772\">\r\n\t\t<div class=\"w-grid-item-h\">\r\n\t\t\t\t\t\t<div class=\"w-post-elm post_image usg_post_image_1 stretched\"><img loading=\"lazy\" decoding=\"async\" width=\"250\" height=\"100\" src=\"https:\/\/www.insignedc.com\/wp-content\/uploads\/2023\/04\/Logos_GBCpe.png\" class=\"attachment-large size-large\" alt=\"\" srcset=\"https:\/\/www.insignedc.com\/wp-content\/uploads\/2023\/04\/Logos_GBCpe.png 250w, https:\/\/www.insignedc.com\/wp-content\/uploads\/2023\/04\/Logos_GBCpe-200x80.png 200w\" sizes=\"auto, (max-width: 250px) 100vw, 250px\" \/><\/div>\t\t<\/div>\r\n\t<\/article>\r\n\t<article class=\"w-grid-item post-744 attachment type-attachment status-inherit hentry\" data-id=\"744\">\r\n\t\t<div class=\"w-grid-item-h\">\r\n\t\t\t\t\t\t<div class=\"w-post-elm post_image usg_post_image_1 stretched\"><img loading=\"lazy\" decoding=\"async\" width=\"250\" height=\"100\" src=\"https:\/\/www.insignedc.com\/wp-content\/uploads\/2023\/04\/USGBC.png\" class=\"attachment-large size-large\" alt=\"\" srcset=\"https:\/\/www.insignedc.com\/wp-content\/uploads\/2023\/04\/USGBC.png 250w, https:\/\/www.insignedc.com\/wp-content\/uploads\/2023\/04\/USGBC-200x80.png 200w\" sizes=\"auto, (max-width: 250px) 100vw, 250px\" \/><\/div>\t\t<\/div>\r\n\t<\/article>\r\n<\/div><div class=\"w-grid-preloader\"><div class=\"g-preloader type_1\">\r\n\t<div><\/div>\r\n<\/div>\r\n<\/div>\t<div class=\"w-grid-json hidden\" onclick='return {&quot;action&quot;:&quot;us_ajax_grid&quot;,&quot;ajax_url&quot;:&quot;https:\\\/\\\/www.insignedc.com\\\/wp-admin\\\/admin-ajax.php&quot;,&quot;infinite_scroll&quot;:0,&quot;max_num_pages&quot;:1,&quot;pagination&quot;:&quot;none&quot;,&quot;permalink_url&quot;:&quot;https:\\\/\\\/www.insignedc.com\\\/wp-json\\\/wp\\\/v2\\\/pages\\\/52&quot;,&quot;template_vars&quot;:{&quot;columns&quot;:&quot;2&quot;,&quot;exclude_items&quot;:&quot;none&quot;,&quot;img_size&quot;:&quot;default&quot;,&quot;ignore_items_size&quot;:0,&quot;items_layout&quot;:&quot;gallery_default&quot;,&quot;items_offset&quot;:&quot;1&quot;,&quot;load_animation&quot;:&quot;none&quot;,&quot;overriding_link&quot;:&quot;none&quot;,&quot;post_id&quot;:52,&quot;query_args&quot;:{&quot;post_type&quot;:[&quot;attachment&quot;],&quot;post__in&quot;:[&quot;772&quot;,&quot;744&quot;],&quot;post_status&quot;:&quot;inherit&quot;,&quot;post_mime_type&quot;:&quot;image&quot;,&quot;posts_per_page&quot;:&quot;10&quot;},&quot;orderby_query_args&quot;:{&quot;orderby&quot;:{&quot;post__in&quot;:&quot;ASC&quot;},&quot;order&quot;:&quot;ASC&quot;},&quot;type&quot;:&quot;grid&quot;,&quot;us_grid_ajax_index&quot;:1,&quot;us_grid_filter_params&quot;:null,&quot;us_grid_index&quot;:1,&quot;_us_grid_post_type&quot;:&quot;attachment&quot;}}'><\/div>\r\n\t<\/div><\/div><\/div><\/div><div class=\"w-separator size_medium with_line width_default thick_1 style_solid color_primary align_center\"><div class=\"w-separator-h\"><\/div><\/div><div class=\"g-cols wpb_row via_grid cols_2 laptops-cols_inherit tablets-cols_inherit mobiles-cols_1 valign_middle type_default stacking_default\"><div class=\"wpb_column vc_column_container\"><div class=\"vc_column-inner\"><div class=\"w-image align_none\"><div class=\"w-image-h\"><img loading=\"lazy\" decoding=\"async\" width=\"450\" height=\"267\" src=\"https:\/\/www.insignedc.com\/wp-content\/uploads\/2023\/03\/Clientes-Logo.jpg\" class=\"attachment-large size-large\" alt=\"\" srcset=\"https:\/\/www.insignedc.com\/wp-content\/uploads\/2023\/03\/Clientes-Logo.jpg 450w, https:\/\/www.insignedc.com\/wp-content\/uploads\/2023\/03\/Clientes-Logo-300x178.jpg 300w, https:\/\/www.insignedc.com\/wp-content\/uploads\/2023\/03\/Clientes-Logo-100x59.jpg 100w, https:\/\/www.insignedc.com\/wp-content\/uploads\/2023\/03\/Clientes-Logo-200x119.jpg 200w\" sizes=\"auto, (max-width: 450px) 100vw, 450px\" \/><\/div><\/div><\/div><\/div><div class=\"wpb_column vc_column_container\"><div class=\"vc_column-inner\"><h2 class=\"w-text icon_atright\"><span class=\"w-text-h\"><span class=\"w-text-value\">Nuestro equipo<\/span><i class=\"fas fa-horizontal-rule\"><\/i><\/span><\/h2><div class=\"w-separator size_small\"><\/div><div class=\"wpb_text_column us_custom_432d3f53\"><div class=\"wpb_wrapper\"><p>Nuestros profesionales son expertos en asesor\u00eda y consultor\u00eda de las certificaciones ambientales internacionales y locales como LEED, EDGE, WELL, FITWEL, SITES, entre otros; garantizando la evaluaci\u00f3n y medici\u00f3n de todos los aspectos que influyen en el dise\u00f1o y construcci\u00f3n con un enfoque sostenible.<\/p>\n<\/div><\/div><\/div><\/div><\/div><div class=\"w-separator size_medium with_line width_default thick_1 style_solid color_primary align_center\"><div class=\"w-separator-h\"><\/div><\/div><div class=\"g-cols wpb_row via_grid cols_2 laptops-cols_inherit tablets-cols_inherit mobiles-cols_1 valign_middle type_default stacking_default\"><div class=\"wpb_column vc_column_container\"><div class=\"vc_column-inner\"><h2 class=\"w-text icon_atright\"><span class=\"w-text-h\"><span class=\"w-text-value\">Nuestros servicios<\/span><i class=\"fas fa-horizontal-rule\"><\/i><\/span><\/h2><div class=\"w-separator size_small\"><\/div><div class=\"wpb_text_column\"><div class=\"wpb_wrapper\"><p>En Insigne brindamos los servicios de:<\/p>\n<\/div><\/div><div class=\"w-separator size_custom\" style=\"height:18px\"><\/div><div class=\"w-iconbox iconpos_left style_default color_primary align_left no_text\"><div class=\"w-iconbox-icon\" style=\"font-size:1rem;\"><i class=\"fas fa-check\"><\/i><\/div><div class=\"w-iconbox-meta\"><p class=\"w-iconbox-title\">Arquitectura e Ingenier\u00eda<\/p><\/div><\/div><div class=\"w-iconbox iconpos_left style_default color_primary align_left no_text\"><div class=\"w-iconbox-icon\" style=\"font-size:1rem;\"><i class=\"fas fa-check\"><\/i><\/div><div class=\"w-iconbox-meta\"><p class=\"w-iconbox-title\">Gesti\u00f3n de Proyectos y Construcci\u00f3n<\/p><\/div><\/div><div class=\"w-iconbox iconpos_left style_default color_primary align_left no_text\"><div class=\"w-iconbox-icon\" style=\"font-size:1rem;\"><i class=\"fas fa-check\"><\/i><\/div><div class=\"w-iconbox-meta\"><p class=\"w-iconbox-title\">Consultor\u00edas Sostenibles<\/p><\/div><\/div><div class=\"w-separator size_custom\" style=\"height:18px\"><\/div><div class=\"wpb_text_column\"><div class=\"wpb_wrapper\"><p>Todo bajo criterios de desarrollo sostenible y profesionales acreditados en las certificaciones m\u00e1s reconocidas del mundo.<\/p>\n<\/div><\/div><\/div><\/div><div class=\"wpb_column vc_column_container\"><div class=\"vc_column-inner\"><div class=\"w-image align_none\"><div class=\"w-image-h\"><img loading=\"lazy\" decoding=\"async\" width=\"900\" height=\"600\" src=\"https:\/\/www.insignedc.com\/wp-content\/uploads\/2023\/02\/Vision.jpg\" class=\"attachment-large size-large\" alt=\"\" srcset=\"https:\/\/www.insignedc.com\/wp-content\/uploads\/2023\/02\/Vision.jpg 900w, https:\/\/www.insignedc.com\/wp-content\/uploads\/2023\/02\/Vision-300x200.jpg 300w, https:\/\/www.insignedc.com\/wp-content\/uploads\/2023\/02\/Vision-100x67.jpg 100w, https:\/\/www.insignedc.com\/wp-content\/uploads\/2023\/02\/Vision-600x400.jpg 600w, https:\/\/www.insignedc.com\/wp-content\/uploads\/2023\/02\/Vision-200x133.jpg 200w\" sizes=\"auto, (max-width: 900px) 100vw, 900px\" \/><\/div><\/div><\/div><\/div><\/div><\/div><\/div><\/div><\/div><\/section><section class=\"l-section wpb_row height_large color_primary with_img\"><div class=\"l-section-img\" data-img-width=\"1420\" data-img-height=\"473\" style=\"background-image: url(https:\/\/www.insignedc.com\/wp-content\/uploads\/2023\/02\/Bg-contactanos-1.jpg);\"><\/div><div class=\"l-section-overlay\" style=\"background:rgba(0,0,0,0.60)\"><\/div><div class=\"l-section-h i-cf\"><div class=\"g-cols vc_row via_grid cols_2 laptops-cols_inherit tablets-cols_inherit mobiles-cols_1 valign_top type_default stacking_default\"><div class=\"wpb_column vc_column_container\"><div class=\"vc_column-inner\"><p class=\"w-text us_custom_9706095c\"><span class=\"w-text-h\"><span class=\"w-text-value\">\u00a1An\u00edmate a conocernos y ser parte del cambio que las ciudades necesitan!<\/span><\/span><\/p><div class=\"w-separator size_small\"><\/div><div class=\"w-btn-wrapper align_none\"><a class=\"w-btn us-btn-style_4\" title=\"Cont\u00e1ctanos\" href=\"https:\/\/insignedc.com\/index.php\/contactanos\/\"><span class=\"w-btn-label\">Cont\u00e1ctanos<\/span><\/a><\/div><\/div><\/div><div class=\"wpb_column vc_column_container\"><div class=\"vc_column-inner\"><\/div><\/div><\/div><\/div><\/section>\n","protected":false},"excerpt":{"rendered":"","protected":false},"author":1,"featured_media":0,"parent":0,"menu_order":0,"comment_status":"closed","ping_status":"closed","template":"","meta":{"_joinchat":[],"footnotes":""},"class_list":["post-52","page","type-page","status-publish","hentry"],"_links":{"self":[{"href":"https:\/\/www.insignedc.com\/index.php\/wp-json\/wp\/v2\/pages\/52","targetHints":{"allow":["GET"]}}],"collection":[{"href":"https:\/\/www.insignedc.com\/index.php\/wp-json\/wp\/v2\/pages"}],"about":[{"href":"https:\/\/www.insignedc.com\/index.php\/wp-json\/wp\/v2\/types\/page"}],"author":[{"embeddable":true,"href":"https:\/\/www.insignedc.com\/index.php\/wp-json\/wp\/v2\/users\/1"}],"replies":[{"embeddable":true,"href":"https:\/\/www.insignedc.com\/index.php\/wp-json\/wp\/v2\/comments?post=52"}],"version-history":[{"count":88,"href":"https:\/\/www.insignedc.com\/index.php\/wp-json\/wp\/v2\/pages\/52\/revisions"}],"predecessor-version":[{"id":908,"href":"https:\/\/www.insignedc.com\/index.php\/wp-json\/wp\/v2\/pages\/52\/revisions\/908"}],"wp:attachment":[{"href":"https:\/\/www.insignedc.com\/index.php\/wp-json\/wp\/v2\/media?parent=52"}],"curies":[{"name":"wp","href":"https:\/\/api.w.org\/{rel}","templated":true}]}}