{"id":54,"date":"2023-02-14T19:54:59","date_gmt":"2023-02-14T19:54:59","guid":{"rendered":"https:\/\/insignedc.com\/?page_id=54"},"modified":"2023-02-22T20:39:47","modified_gmt":"2023-02-22T20:39:47","slug":"servicios","status":"publish","type":"page","link":"https:\/\/www.insignedc.com\/index.php\/servicios\/","title":{"rendered":"Servicios"},"content":{"rendered":"<section class=\"l-section wpb_row height_huge color_primary with_img\"><div class=\"l-section-img\" data-img-width=\"1420\" data-img-height=\"800\" style=\"background-image: url(https:\/\/www.insignedc.com\/wp-content\/uploads\/2023\/02\/bg-servicios.jpg);\"><\/div><div class=\"l-section-overlay\" style=\"background:rgba(0,0,0,0.50)\"><\/div><div class=\"l-section-h i-cf\"><div class=\"g-cols vc_row via_grid cols_2 laptops-cols_inherit tablets-cols_inherit mobiles-cols_1 valign_top type_default stacking_default\"><div class=\"wpb_column vc_column_container\"><div class=\"vc_column-inner\"><h1 class=\"w-text\"><span class=\"w-text-h\"><span class=\"w-text-value\">Nuestro servicios<\/span><\/span><\/h1><div class=\"wpb_text_column\"><div class=\"wpb_wrapper\"><p>Est\u00e1n bajo criterios de desarrollo sostenible y profesionales acreditados en las certificaciones m\u00e1s reconocidas del mundo.<\/p>\n<\/div><\/div><\/div><\/div><div class=\"wpb_column vc_column_container\"><div class=\"vc_column-inner\"><\/div><\/div><\/div><\/div><\/section><section class=\"l-section wpb_row height_medium\"><div class=\"l-section-h i-cf\"><div class=\"g-cols vc_row via_grid cols_1 laptops-cols_inherit tablets-cols_inherit mobiles-cols_1 valign_top type_default stacking_default\"><div class=\"wpb_column vc_column_container\"><div class=\"vc_column-inner\"><div class=\"g-cols wpb_row via_grid cols_1-4-1 laptops-cols_inherit tablets-cols_inherit mobiles-cols_1 valign_top type_default stacking_default\"><div class=\"wpb_column vc_column_container\"><div class=\"vc_column-inner\"><\/div><\/div><div class=\"wpb_column vc_column_container\"><div class=\"vc_column-inner\"><h2 class=\"w-text us_custom_4edec70e has_text_color\"><span class=\"w-text-h\"><span class=\"w-text-value\">Qu\u00e9 ofrecemos<\/span><\/span><\/h2><div class=\"wpb_text_column\"><div class=\"wpb_wrapper\"><p style=\"text-align: center;\">INSIGNE cuenta con un equipo integrado por profesionales con experiencia en proyectos y consultor\u00edas para la obtenci\u00f3n de certificaciones sustentables en Am\u00e9rica Latina y el mundo.<\/p>\n<\/div><\/div><\/div><\/div><div class=\"wpb_column vc_column_container\"><div class=\"vc_column-inner\"><\/div><\/div><\/div><div class=\"w-separator size_medium\"><\/div><div class=\"g-cols wpb_row via_grid cols_3 laptops-cols_inherit tablets-cols_inherit mobiles-cols_1 valign_top type_default stacking_default\"><div class=\"wpb_column vc_column_container\"><div class=\"vc_column-inner\"><div class=\"w-grid type_grid layout_109 overflow_hidden with_css_animation\" id=\"us_grid_1\"><style>#us_grid_1 .w-grid-item:not(:last-child){margin-bottom:1.5rem}#us_grid_1 .g-loadmore{margin-top:1.5rem}.layout_109 .w-grid-item-h{background:var(--color-content-bg);color:var(--color-content-text);box-shadow:0 0.03rem 0.06rem rgba(0,0,0,0.1),0 0.1rem 0.3rem rgba(0,0,0,0.1);transition-duration:0.3s}.no-touch .layout_109 .w-grid-item-h:hover{box-shadow:0 0.1rem 0.2rem rgba(0,0,0,0.1),0 0.33rem 1rem rgba(0,0,0,0.15);z-index:4}.layout_109 .usg_post_image_1{transition-duration:0.3s;transform-origin:50% 50%;transform:scale(1) translate(0%,0%)}.layout_109 .w-grid-item-h:hover .usg_post_image_1{transform:scale(1.1) translate(0%,0%);opacity:1}<\/style><div class=\"w-grid-list\">\t<article class=\"w-grid-item us_animate_afb size_1x1 post-102 page type-page status-publish has-post-thumbnail hentry\" data-id=\"102\">\r\n\t\t<div class=\"w-grid-item-h\">\r\n\t\t\t\t\t\t<div class=\"w-post-elm post_image usg_post_image_1 stretched\"><a href=\"https:\/\/www.insignedc.com\/index.php\/servicios\/arquitectura-e-ingenierias\/\" aria-label=\"Arquitectura e Ingenier\u00edas\"><img loading=\"lazy\" decoding=\"async\" width=\"800\" height=\"600\" src=\"https:\/\/www.insignedc.com\/wp-content\/uploads\/2024\/04\/Arquitectura-e-ingenieria2.jpg\" class=\"attachment-large size-large wp-post-image\" alt=\"\" srcset=\"https:\/\/www.insignedc.com\/wp-content\/uploads\/2024\/04\/Arquitectura-e-ingenieria2.jpg 800w, https:\/\/www.insignedc.com\/wp-content\/uploads\/2024\/04\/Arquitectura-e-ingenieria2-300x225.jpg 300w, https:\/\/www.insignedc.com\/wp-content\/uploads\/2024\/04\/Arquitectura-e-ingenieria2-200x150.jpg 200w, https:\/\/www.insignedc.com\/wp-content\/uploads\/2024\/04\/Arquitectura-e-ingenieria2-533x400.jpg 533w\" sizes=\"auto, (max-width: 800px) 100vw, 800px\" \/><\/a><\/div>\t\t<\/div>\r\n\t<\/article>\r\n<\/div><div class=\"w-grid-preloader\"><div class=\"g-preloader type_1\">\r\n\t<div><\/div>\r\n<\/div>\r\n<\/div>\t<div class=\"w-grid-json hidden\" onclick='return {&quot;action&quot;:&quot;us_ajax_grid&quot;,&quot;ajax_url&quot;:&quot;https:\\\/\\\/www.insignedc.com\\\/wp-admin\\\/admin-ajax.php&quot;,&quot;infinite_scroll&quot;:0,&quot;max_num_pages&quot;:1,&quot;pagination&quot;:&quot;none&quot;,&quot;permalink_url&quot;:&quot;https:\\\/\\\/www.insignedc.com\\\/wp-json\\\/wp\\\/v2\\\/pages\\\/54&quot;,&quot;template_vars&quot;:{&quot;columns&quot;:&quot;1&quot;,&quot;exclude_items&quot;:&quot;none&quot;,&quot;img_size&quot;:&quot;default&quot;,&quot;ignore_items_size&quot;:0,&quot;items_layout&quot;:&quot;109&quot;,&quot;items_offset&quot;:&quot;1&quot;,&quot;load_animation&quot;:&quot;afb&quot;,&quot;overriding_link&quot;:&quot;none&quot;,&quot;post_id&quot;:54,&quot;query_args&quot;:{&quot;ignore_sticky_posts&quot;:1,&quot;post_type&quot;:&quot;any&quot;,&quot;post__in&quot;:[&quot;102&quot;],&quot;posts_per_page&quot;:&quot;10&quot;},&quot;orderby_query_args&quot;:{&quot;orderby&quot;:{&quot;post__in&quot;:&quot;ASC&quot;},&quot;order&quot;:&quot;ASC&quot;},&quot;type&quot;:&quot;grid&quot;,&quot;us_grid_ajax_index&quot;:1,&quot;us_grid_filter_params&quot;:null,&quot;us_grid_index&quot;:1,&quot;_us_grid_post_type&quot;:&quot;ids&quot;}}'><\/div>\r\n\t<\/div><div class=\"w-separator size_small\"><\/div><h5 class=\"w-text us_custom_8b3d6790 has_text_color\"><span class=\"w-text-h\"><span class=\"w-text-value\">Arquitectura e Ingenier\u00edas<\/span><\/span><\/h5><div class=\"w-btn-wrapper align_none\"><a class=\"w-btn us-btn-style_3\" title=\"Arquitectura e ingenier\u00edas\" href=\"https:\/\/insignedc.com\/index.php\/servicios\/arquitectura-e-ingenierias\/\"><span class=\"w-btn-label\">Leer m\u00e1s<\/span><\/a><\/div><\/div><\/div><div class=\"wpb_column vc_column_container\"><div class=\"vc_column-inner\"><div class=\"w-grid type_grid layout_109 overflow_hidden with_css_animation\" id=\"us_grid_2\"><style>#us_grid_2 .w-grid-item:not(:last-child){margin-bottom:1.5rem}#us_grid_2 .g-loadmore{margin-top:1.5rem}<\/style><div class=\"w-grid-list\">\t<article class=\"w-grid-item us_animate_afb size_1x1 post-104 page type-page status-publish has-post-thumbnail hentry\" data-id=\"104\">\r\n\t\t<div class=\"w-grid-item-h\">\r\n\t\t\t\t\t\t<div class=\"w-post-elm post_image usg_post_image_1 stretched\"><a href=\"https:\/\/www.insignedc.com\/index.php\/servicios\/direccion-de-proyectos-y-construccion\/\" aria-label=\"Direcci\u00f3n de Proyectos y Construcci\u00f3n\"><img loading=\"lazy\" decoding=\"async\" width=\"800\" height=\"600\" src=\"https:\/\/www.insignedc.com\/wp-content\/uploads\/2023\/02\/Direccion-de-proyectos-y-construccion.jpg\" class=\"attachment-large size-large wp-post-image\" alt=\"\" srcset=\"https:\/\/www.insignedc.com\/wp-content\/uploads\/2023\/02\/Direccion-de-proyectos-y-construccion.jpg 800w, https:\/\/www.insignedc.com\/wp-content\/uploads\/2023\/02\/Direccion-de-proyectos-y-construccion-300x225.jpg 300w, https:\/\/www.insignedc.com\/wp-content\/uploads\/2023\/02\/Direccion-de-proyectos-y-construccion-100x75.jpg 100w, https:\/\/www.insignedc.com\/wp-content\/uploads\/2023\/02\/Direccion-de-proyectos-y-construccion-533x400.jpg 533w, https:\/\/www.insignedc.com\/wp-content\/uploads\/2023\/02\/Direccion-de-proyectos-y-construccion-200x150.jpg 200w\" sizes=\"auto, (max-width: 800px) 100vw, 800px\" \/><\/a><\/div>\t\t<\/div>\r\n\t<\/article>\r\n<\/div><div class=\"w-grid-preloader\"><div class=\"g-preloader type_1\">\r\n\t<div><\/div>\r\n<\/div>\r\n<\/div>\t<div class=\"w-grid-json hidden\" onclick='return {&quot;action&quot;:&quot;us_ajax_grid&quot;,&quot;ajax_url&quot;:&quot;https:\\\/\\\/www.insignedc.com\\\/wp-admin\\\/admin-ajax.php&quot;,&quot;infinite_scroll&quot;:0,&quot;max_num_pages&quot;:1,&quot;pagination&quot;:&quot;none&quot;,&quot;permalink_url&quot;:&quot;https:\\\/\\\/www.insignedc.com\\\/wp-json\\\/wp\\\/v2\\\/pages\\\/54&quot;,&quot;template_vars&quot;:{&quot;columns&quot;:&quot;1&quot;,&quot;exclude_items&quot;:&quot;none&quot;,&quot;img_size&quot;:&quot;default&quot;,&quot;ignore_items_size&quot;:0,&quot;items_layout&quot;:&quot;109&quot;,&quot;items_offset&quot;:&quot;1&quot;,&quot;load_animation&quot;:&quot;afb&quot;,&quot;overriding_link&quot;:&quot;none&quot;,&quot;post_id&quot;:102,&quot;query_args&quot;:{&quot;ignore_sticky_posts&quot;:1,&quot;post_type&quot;:&quot;any&quot;,&quot;post__in&quot;:[&quot;104&quot;],&quot;posts_per_page&quot;:&quot;10&quot;},&quot;orderby_query_args&quot;:{&quot;orderby&quot;:{&quot;post__in&quot;:&quot;ASC&quot;},&quot;order&quot;:&quot;ASC&quot;},&quot;type&quot;:&quot;grid&quot;,&quot;us_grid_ajax_index&quot;:1,&quot;us_grid_filter_params&quot;:null,&quot;us_grid_index&quot;:2,&quot;_us_grid_post_type&quot;:&quot;ids&quot;}}'><\/div>\r\n\t<\/div><div class=\"w-separator size_small\"><\/div><h5 class=\"w-text us_custom_8b3d6790 has_text_color\"><span class=\"w-text-h\"><span class=\"w-text-value\">Direcci\u00f3n de Proyectos y Construcci\u00f3n<\/span><\/span><\/h5><div class=\"w-btn-wrapper align_none\"><a class=\"w-btn us-btn-style_3\" title=\"Direcci\u00f3n de proyectos y construcci\u00f3n\" href=\"https:\/\/insignedc.com\/index.php\/servicios\/direccion-de-proyectos-y-construccion\/\"><span class=\"w-btn-label\">Leer m\u00e1s<\/span><\/a><\/div><\/div><\/div><div class=\"wpb_column vc_column_container\"><div class=\"vc_column-inner\"><div class=\"w-grid type_grid layout_109 overflow_hidden with_css_animation\" id=\"us_grid_3\"><style>#us_grid_3 .w-grid-item:not(:last-child){margin-bottom:1.5rem}#us_grid_3 .g-loadmore{margin-top:1.5rem}<\/style><div class=\"w-grid-list\">\t<article class=\"w-grid-item us_animate_afb size_1x1 post-107 page type-page status-publish has-post-thumbnail hentry\" data-id=\"107\">\r\n\t\t<div class=\"w-grid-item-h\">\r\n\t\t\t\t\t\t<div class=\"w-post-elm post_image usg_post_image_1 stretched\"><a href=\"https:\/\/www.insignedc.com\/index.php\/servicios\/consultoria-en-sostenibilidad\/\" aria-label=\"Consultor\u00eda en Sostenibilidad\"><img loading=\"lazy\" decoding=\"async\" width=\"800\" height=\"600\" src=\"https:\/\/www.insignedc.com\/wp-content\/uploads\/2024\/04\/Consultoria-de-sostenibilidad.jpg\" class=\"attachment-large size-large wp-post-image\" alt=\"\" srcset=\"https:\/\/www.insignedc.com\/wp-content\/uploads\/2024\/04\/Consultoria-de-sostenibilidad.jpg 800w, https:\/\/www.insignedc.com\/wp-content\/uploads\/2024\/04\/Consultoria-de-sostenibilidad-300x225.jpg 300w, https:\/\/www.insignedc.com\/wp-content\/uploads\/2024\/04\/Consultoria-de-sostenibilidad-200x150.jpg 200w, https:\/\/www.insignedc.com\/wp-content\/uploads\/2024\/04\/Consultoria-de-sostenibilidad-533x400.jpg 533w\" sizes=\"auto, (max-width: 800px) 100vw, 800px\" \/><\/a><\/div>\t\t<\/div>\r\n\t<\/article>\r\n<\/div><div class=\"w-grid-preloader\"><div class=\"g-preloader type_1\">\r\n\t<div><\/div>\r\n<\/div>\r\n<\/div>\t<div class=\"w-grid-json hidden\" onclick='return {&quot;action&quot;:&quot;us_ajax_grid&quot;,&quot;ajax_url&quot;:&quot;https:\\\/\\\/www.insignedc.com\\\/wp-admin\\\/admin-ajax.php&quot;,&quot;infinite_scroll&quot;:0,&quot;max_num_pages&quot;:1,&quot;pagination&quot;:&quot;none&quot;,&quot;permalink_url&quot;:&quot;https:\\\/\\\/www.insignedc.com\\\/wp-json\\\/wp\\\/v2\\\/pages\\\/54&quot;,&quot;template_vars&quot;:{&quot;columns&quot;:&quot;1&quot;,&quot;exclude_items&quot;:&quot;none&quot;,&quot;img_size&quot;:&quot;default&quot;,&quot;ignore_items_size&quot;:0,&quot;items_layout&quot;:&quot;109&quot;,&quot;items_offset&quot;:&quot;1&quot;,&quot;load_animation&quot;:&quot;afb&quot;,&quot;overriding_link&quot;:&quot;none&quot;,&quot;post_id&quot;:104,&quot;query_args&quot;:{&quot;ignore_sticky_posts&quot;:1,&quot;post_type&quot;:&quot;any&quot;,&quot;post__in&quot;:[&quot;107&quot;],&quot;posts_per_page&quot;:&quot;10&quot;},&quot;orderby_query_args&quot;:{&quot;orderby&quot;:{&quot;post__in&quot;:&quot;ASC&quot;},&quot;order&quot;:&quot;ASC&quot;},&quot;type&quot;:&quot;grid&quot;,&quot;us_grid_ajax_index&quot;:1,&quot;us_grid_filter_params&quot;:null,&quot;us_grid_index&quot;:3,&quot;_us_grid_post_type&quot;:&quot;ids&quot;}}'><\/div>\r\n\t<\/div><div class=\"w-separator size_small\"><\/div><h5 class=\"w-text us_custom_8b3d6790 has_text_color\"><span class=\"w-text-h\"><span class=\"w-text-value\">Sostenibilidad<\/span><\/span><\/h5><div class=\"w-btn-wrapper align_none\"><a class=\"w-btn us-btn-style_3\" title=\"Sostenibilidad\" href=\"https:\/\/insignedc.com\/index.php\/servicios\/sostenibilidad\/\"><span class=\"w-btn-label\">Leer m\u00e1s<\/span><\/a><\/div><\/div><\/div><\/div><\/div><\/div><\/div><\/div><\/section><section class=\"l-section wpb_row height_medium\"><div class=\"l-section-h i-cf\"><div class=\"g-cols vc_row via_grid cols_2 laptops-cols_inherit tablets-cols_inherit mobiles-cols_1 valign_middle type_default stacking_default\"><div class=\"wpb_column vc_column_container\"><div class=\"vc_column-inner\"><div class=\"w-image style_shadow-1 align_center\"><div class=\"w-image-h\"><img loading=\"lazy\" decoding=\"async\" width=\"400\" height=\"400\" src=\"https:\/\/www.insignedc.com\/wp-content\/uploads\/2023\/02\/Edificio-Multifamiliar-Henko-400x400.jpg\" class=\"attachment-us_600_400 size-us_600_400\" alt=\"\" srcset=\"https:\/\/www.insignedc.com\/wp-content\/uploads\/2023\/02\/Edificio-Multifamiliar-Henko-400x400.jpg 400w, https:\/\/www.insignedc.com\/wp-content\/uploads\/2023\/02\/Edificio-Multifamiliar-Henko-300x300.jpg 300w, https:\/\/www.insignedc.com\/wp-content\/uploads\/2023\/02\/Edificio-Multifamiliar-Henko-150x150.jpg 150w, https:\/\/www.insignedc.com\/wp-content\/uploads\/2023\/02\/Edificio-Multifamiliar-Henko-100x100.jpg 100w, https:\/\/www.insignedc.com\/wp-content\/uploads\/2023\/02\/Edificio-Multifamiliar-Henko.jpg 800w, https:\/\/www.insignedc.com\/wp-content\/uploads\/2023\/02\/Edificio-Multifamiliar-Henko-200x200.jpg 200w\" sizes=\"auto, (max-width: 400px) 100vw, 400px\" \/><\/div><\/div><\/div><\/div><div class=\"wpb_column vc_column_container\"><div class=\"vc_column-inner\"><h3 class=\"w-text us_custom_8b3d6790 has_text_color icon_atright\"><span class=\"w-text-h\"><span class=\"w-text-value\">Nuestros Profesionales<\/span><i class=\"fas fa-horizontal-rule\"><\/i><\/span><\/h3><div class=\"w-separator size_small\"><\/div><div class=\"wpb_text_column\"><div class=\"wpb_wrapper\"><p>Contamos con profesionales reconocidos, en asesor\u00eda y consultor\u00eda de las certificaciones Internaciones ambientales m\u00e1s importantes del mundo LEED, EDGE, WELL, SITES, FITWEL, etc.<\/p>\n<\/div><\/div><div class=\"w-separator size_medium\"><\/div><div class=\"w-grid type_grid layout_298 no_results_hide_grid cols_3 with_css_animation\" id=\"us_grid_4\"><style>#us_grid_4 .w-grid-item{padding:1rem}#us_grid_4 .w-grid-list{margin:-1rem}.w-grid + #us_grid_4 .w-grid-list,.w-grid-none + #us_grid_4 .w-grid-list{margin-top:1rem}@media (max-width:899px){#us_grid_4 .w-grid-item{width:50%}}@media (max-width:599px){#us_grid_4 .w-grid-item{width:50%}}.layout_298 .w-grid-item-h{border-radius:1.2rem;box-shadow:0 0.05rem 0.1rem rgba(0,0,0,0.1),0 0.17rem 0.5rem rgba(0,0,0,0.1);transition-duration:0.3s}.no-touch .layout_298 .w-grid-item-h:hover{box-shadow:0 0.1rem 0.2rem rgba(0,0,0,0.1),0 0.33rem 1rem rgba(0,0,0,0.15);z-index:4}.layout_298 .usg_post_image_1{border-radius:10px!important;border:1px solid rgba(3,0,3,0.10)!important}<\/style><div class=\"w-grid-list\"><\/div><div class=\"w-grid-preloader\"><div class=\"g-preloader type_1\">\r\n\t<div><\/div>\r\n<\/div>\r\n<\/div>\t<div class=\"w-grid-json hidden\" onclick='return {&quot;action&quot;:&quot;us_ajax_grid&quot;,&quot;ajax_url&quot;:&quot;https:\\\/\\\/www.insignedc.com\\\/wp-admin\\\/admin-ajax.php&quot;,&quot;infinite_scroll&quot;:0,&quot;max_num_pages&quot;:0,&quot;pagination&quot;:&quot;none&quot;,&quot;permalink_url&quot;:&quot;https:\\\/\\\/www.insignedc.com\\\/wp-json\\\/wp\\\/v2\\\/pages\\\/54&quot;,&quot;template_vars&quot;:{&quot;columns&quot;:&quot;3&quot;,&quot;exclude_items&quot;:&quot;none&quot;,&quot;img_size&quot;:&quot;default&quot;,&quot;ignore_items_size&quot;:0,&quot;items_layout&quot;:&quot;298&quot;,&quot;items_offset&quot;:&quot;1&quot;,&quot;load_animation&quot;:&quot;afc&quot;,&quot;overriding_link&quot;:&quot;none&quot;,&quot;post_id&quot;:107,&quot;query_args&quot;:{&quot;post_type&quot;:[&quot;attachment&quot;],&quot;post__in&quot;:[&quot;185&quot;,&quot;186&quot;,&quot;187&quot;,&quot;183&quot;,&quot;184&quot;,&quot;182&quot;,&quot;181&quot;,&quot;180&quot;],&quot;post_status&quot;:&quot;inherit&quot;,&quot;post_mime_type&quot;:&quot;image&quot;,&quot;posts_per_page&quot;:&quot;10&quot;},&quot;orderby_query_args&quot;:{&quot;orderby&quot;:{&quot;date&quot;:&quot;DESC&quot;}},&quot;type&quot;:&quot;grid&quot;,&quot;us_grid_ajax_index&quot;:1,&quot;us_grid_filter_params&quot;:null,&quot;us_grid_index&quot;:4,&quot;_us_grid_post_type&quot;:&quot;attachment&quot;}}'><\/div>\r\n\t<\/div><div class=\"w-grid-none type_message\">No se han encontrado resultados.<\/div><\/div><\/div><\/div><\/div><\/section><section class=\"l-section wpb_row height_medium with_img\"><div class=\"l-section-img\" data-img-width=\"1500\" data-img-height=\"800\" style=\"background-image: url(https:\/\/www.insignedc.com\/wp-content\/uploads\/2023\/02\/Bg-contador.jpg);background-position: top center;\"><\/div><div class=\"l-section-overlay\" style=\"background:rgba(255,255,255,0.85)\"><\/div><div class=\"l-section-h i-cf\"><div class=\"g-cols vc_row via_grid cols_1 laptops-cols_inherit tablets-cols_inherit mobiles-cols_1 valign_top type_default stacking_default\"><div class=\"wpb_column vc_column_container\"><div class=\"vc_column-inner\"><div class=\"g-cols wpb_row via_grid cols_3 laptops-cols_inherit tablets-cols_inherit mobiles-cols_1 valign_top type_default stacking_default\"><div class=\"wpb_column vc_column_container\"><div class=\"vc_column-inner\"><h1 class=\"w-text us_custom_71d3e3d1\"><span class=\"w-text-h\"><span class=\"w-text-value\">Construir para mejorar<\/span><\/span><\/h1><div class=\"w-separator size_small\"><\/div><div class=\"wpb_text_column\"><div class=\"wpb_wrapper\"><p>Para explorar y buscar nuevas formas de construir, hemos reunido a las personas, las innovaciones y las asociaciones que pueden anticipar y superar nuevos retos.<\/p>\n<\/div><\/div><div class=\"w-separator size_medium\"><\/div><div class=\"w-btn-wrapper align_none\"><a class=\"w-btn us-btn-style_3 icon_atright\" title=\"INSIGNE\" href=\"https:\/\/insignedc.com\/\"><span class=\"w-btn-label\">Sobre Nosotros<\/span><i class=\"fas fa-chevron-right\"><\/i><\/a><\/div><div class=\"w-separator size_small\"><\/div><div class=\"w-btn-wrapper align_none\"><a class=\"w-btn us-btn-style_3 icon_atright\" title=\"Cont\u00e1ctanos\" href=\"https:\/\/insignedc.com\/index.php\/contactanos\/\"><span class=\"w-btn-label\">Cont\u00e1ctanos<\/span><i class=\"fas fa-chevron-right\"><\/i><\/a><\/div><\/div><\/div><div class=\"wpb_column vc_column_container\"><div class=\"vc_column-inner\"><\/div><\/div><div class=\"wpb_column vc_column_container\"><div class=\"vc_column-inner\"><div class=\"w-counter color_primary align_center\" data-duration=\"2000\"><div class=\"w-counter-value\"><span class=\"w-counter-value-part type_text\" data-final=\"+\">+<\/span><span class=\"w-counter-value-part type_number\" data-final=\"140\">1<\/span><span class=\"w-counter-value-part type_text\" data-final=\"\"><\/span><\/div><h6 class=\"w-counter-title\">Proyectos Trabajados<\/h6><\/div><div class=\"w-separator size_small\"><\/div><div class=\"w-counter color_primary align_center\" data-duration=\"2000\"><div class=\"w-counter-value\"><span class=\"w-counter-value-part type_text\" data-final=\"\"><\/span><span class=\"w-counter-value-part type_number\" data-final=\"100\">1<\/span><span class=\"w-counter-value-part type_text\" data-final=\"%\">%<\/span><\/div><h6 class=\"w-counter-title\">Clientes Satisfechos<\/h6><\/div><div class=\"w-separator size_small\"><\/div><div class=\"w-counter color_primary align_center\" data-duration=\"2000\"><div class=\"w-counter-value\"><span class=\"w-counter-value-part type_text\" data-final=\"\"><\/span><span class=\"w-counter-value-part type_number\" data-final=\"14\">0<\/span><span class=\"w-counter-value-part type_text\" data-final=\"\"><\/span><\/div><h6 class=\"w-counter-title\">Equipo Capacitado<\/h6><\/div><\/div><\/div><\/div><\/div><\/div><\/div><\/div><\/section><section class=\"l-section wpb_row height_medium\"><div class=\"l-section-h i-cf\"><div class=\"g-cols vc_row via_grid cols_2 laptops-cols_inherit tablets-cols_inherit mobiles-cols_1 valign_middle type_default stacking_default\"><div class=\"wpb_column vc_column_container\"><div class=\"vc_column-inner\"><h3 class=\"w-text us_custom_8b3d6790 has_text_color icon_atright\"><span class=\"w-text-h\"><span class=\"w-text-value\">INSIGNE DC<\/span><i class=\"fas fa-horizontal-rule\"><\/i><\/span><\/h3><div class=\"w-separator size_small\"><\/div><div class=\"wpb_text_column\"><div class=\"wpb_wrapper\"><p>La empresa es miembro del US Green Building Council y Peru Green Building Council.<br \/>\nInsigne es una empresa dedicada al dise\u00f1o, construcci\u00f3n y consultor\u00eda en sostenibilidad; conformado por un equipo de profesionales con experiencia en m\u00e1s de 140 proyectos en Sudam\u00e9rica.<\/p>\n<\/div><\/div><div class=\"w-separator size_medium\"><\/div><div class=\"g-cols wpb_row via_grid cols_1-4-1 laptops-cols_inherit tablets-cols_inherit mobiles-cols_1 valign_top type_default stacking_default\"><div class=\"wpb_column vc_column_container\"><div class=\"vc_column-inner\"><\/div><\/div><div class=\"wpb_column vc_column_container\"><div class=\"vc_column-inner\"><div class=\"w-grid type_grid layout_298 no_results_hide_grid cols_2 with_css_animation\" id=\"us_grid_5\"><style>#us_grid_5 .w-grid-item{padding:1rem}#us_grid_5 .w-grid-list{margin:-1rem}.w-grid + #us_grid_5 .w-grid-list,.w-grid-none + #us_grid_5 .w-grid-list{margin-top:1rem}<\/style><div class=\"w-grid-list\"><\/div><div class=\"w-grid-preloader\"><div class=\"g-preloader type_1\">\r\n\t<div><\/div>\r\n<\/div>\r\n<\/div>\t<div class=\"w-grid-json hidden\" onclick='return {&quot;action&quot;:&quot;us_ajax_grid&quot;,&quot;ajax_url&quot;:&quot;https:\\\/\\\/www.insignedc.com\\\/wp-admin\\\/admin-ajax.php&quot;,&quot;infinite_scroll&quot;:0,&quot;max_num_pages&quot;:0,&quot;pagination&quot;:&quot;none&quot;,&quot;permalink_url&quot;:&quot;https:\\\/\\\/www.insignedc.com\\\/wp-json\\\/wp\\\/v2\\\/pages\\\/54&quot;,&quot;template_vars&quot;:{&quot;columns&quot;:&quot;2&quot;,&quot;exclude_items&quot;:&quot;none&quot;,&quot;img_size&quot;:&quot;default&quot;,&quot;ignore_items_size&quot;:0,&quot;items_layout&quot;:&quot;298&quot;,&quot;items_offset&quot;:&quot;1&quot;,&quot;load_animation&quot;:&quot;afc&quot;,&quot;overriding_link&quot;:&quot;none&quot;,&quot;post_id&quot;:107,&quot;query_args&quot;:{&quot;post_type&quot;:[&quot;attachment&quot;],&quot;post__in&quot;:[&quot;245&quot;,&quot;246&quot;],&quot;post_status&quot;:&quot;inherit&quot;,&quot;post_mime_type&quot;:&quot;image&quot;,&quot;posts_per_page&quot;:&quot;10&quot;},&quot;orderby_query_args&quot;:{&quot;orderby&quot;:{&quot;date&quot;:&quot;DESC&quot;}},&quot;type&quot;:&quot;grid&quot;,&quot;us_grid_ajax_index&quot;:2,&quot;us_grid_filter_params&quot;:null,&quot;us_grid_index&quot;:5,&quot;_us_grid_post_type&quot;:&quot;attachment&quot;}}'><\/div>\r\n\t<\/div><div class=\"w-grid-none type_message\">No se han encontrado resultados.<\/div><\/div><\/div><div class=\"wpb_column vc_column_container\"><div class=\"vc_column-inner\"><\/div><\/div><\/div><\/div><\/div><div class=\"wpb_column vc_column_container\"><div class=\"vc_column-inner\"><div class=\"w-image style_shadow-1 align_center\"><div class=\"w-image-h\"><img loading=\"lazy\" decoding=\"async\" width=\"250\" height=\"250\" src=\"https:\/\/www.insignedc.com\/wp-content\/uploads\/2023\/03\/Favicon.png\" class=\"g-placeholder\" alt=\"\" srcset=\"https:\/\/www.insignedc.com\/wp-content\/uploads\/2023\/03\/Favicon.png 250w, https:\/\/www.insignedc.com\/wp-content\/uploads\/2023\/03\/Favicon-150x150.png 150w, https:\/\/www.insignedc.com\/wp-content\/uploads\/2023\/03\/Favicon-100x100.png 100w, https:\/\/www.insignedc.com\/wp-content\/uploads\/2023\/03\/Favicon-200x200.png 200w\" sizes=\"auto, (max-width: 250px) 100vw, 250px\" \/><\/div><\/div><\/div><\/div><\/div><\/div><\/section>\n","protected":false},"excerpt":{"rendered":"ServiciosConsultor\u00eda en SostenibilidadRealizamos tambi\u00e9n la consultor\u00eda en certificaciones de construcci\u00f3n sostenible internaciones y locales como LEED, EDGE, SITES, WELL, Fitwel, BREEAM y Bono MiVivienda Sostenible. Medimos, evaluamos y analizamos cada aspecto de los proyectos, desde un acompa\u00f1amiento integral en todo el proceso de dise\u00f1o, construcci\u00f3n y operaciones, para lograr objetivos de sostenibilidad: Eficiencia energ\u00e9tica.Elecci\u00f3n de...","protected":false},"author":1,"featured_media":0,"parent":0,"menu_order":0,"comment_status":"closed","ping_status":"closed","template":"","meta":{"_joinchat":[],"footnotes":""},"class_list":["post-54","page","type-page","status-publish","hentry"],"_links":{"self":[{"href":"https:\/\/www.insignedc.com\/index.php\/wp-json\/wp\/v2\/pages\/54","targetHints":{"allow":["GET"]}}],"collection":[{"href":"https:\/\/www.insignedc.com\/index.php\/wp-json\/wp\/v2\/pages"}],"about":[{"href":"https:\/\/www.insignedc.com\/index.php\/wp-json\/wp\/v2\/types\/page"}],"author":[{"embeddable":true,"href":"https:\/\/www.insignedc.com\/index.php\/wp-json\/wp\/v2\/users\/1"}],"replies":[{"embeddable":true,"href":"https:\/\/www.insignedc.com\/index.php\/wp-json\/wp\/v2\/comments?post=54"}],"version-history":[{"count":14,"href":"https:\/\/www.insignedc.com\/index.php\/wp-json\/wp\/v2\/pages\/54\/revisions"}],"predecessor-version":[{"id":365,"href":"https:\/\/www.insignedc.com\/index.php\/wp-json\/wp\/v2\/pages\/54\/revisions\/365"}],"wp:attachment":[{"href":"https:\/\/www.insignedc.com\/index.php\/wp-json\/wp\/v2\/media?parent=54"}],"curies":[{"name":"wp","href":"https:\/\/api.w.org\/{rel}","templated":true}]}}